{"id":2430,"date":"2019-12-09T18:33:50","date_gmt":"2019-12-09T21:33:50","guid":{"rendered":"http:\/\/staar.com.uy\/web\/producto\/camara-de-frio-modular\/"},"modified":"2020-05-04T17:25:47","modified_gmt":"2020-05-04T20:25:47","slug":"camara-de-frio-modular","status":"publish","type":"product","link":"https:\/\/staar.com.uy\/web\/producto\/camara-de-frio-modular\/","title":{"rendered":"C\u00e1mara de Fr\u00edo Modular"},"content":{"rendered":"<div class=\"wpb-content-wrapper\">[vc_row][vc_column][vc_column_text css=\u00bb.vc_custom_1585754119524{margin-bottom: 0px !important;}\u00bb]\n<h3>Modelo: CFM<\/h3>\n<p>&#8211; Paneles revestidos en ambos lados con chapa galvanizada 0,43mm pintura Ep\u00f3xi-p\u00f3 color blanca.<br \/>\n&#8211; Apoyo elevado met\u00e1lico en chapa galvanizada pintada, fijado al panel de piso para evitar la acumulaci\u00f3n de suciedad y la humedad.<br \/>\n&#8211; Paneles isot\u00e9rmicos modulares con encastre macho-hembra para fijar.<br \/>\n&#8211; F\u00e1cil armado y expandible.<br \/>\n&#8211; Paneles con n\u00facleo en poliestireno (EPS) densidad 14 a 15Kg\/m3.<br \/>\n&#8211; Espesura de paneles 100, 150 y 200mm.<br \/>\n&#8211; Iluminaci\u00f3n interna.<br \/>\n&#8211; Refrigeraci\u00f3n sistema PLUG IN para c\u00e1maras con vol\u00famenes peque\u00f1os.<br \/>\n&#8211; Refrigeraci\u00f3n sistema SPLIT para c\u00e1maras con vol\u00famenes mayores.<br \/>\n&#8211; Puerta giratoria acoplada al panel.<br \/>\n&#8211; Puerta medida: 800x2000mm.<br \/>\n&#8211; Piso revestido con manta vin\u00edlica 2,00mm, evita infiltraciones y atiende exigencias sanitarias.<br \/>\n&#8211; Cantos para acabado de piso y techo.<br \/>\n&#8211; Diferentes modelos para temperaturas de 5 a 15\u00baC, Ambiente, -5 a -15\u00baC y 0 a 5\u00baC.[\/vc_column_text][\/vc_column][\/vc_row]\n<\/div>","protected":false},"excerpt":{"rendered":"<p>[vc_row][vc_column][vc_column_text css=\u00bb.vc_custom_1585754119524{margin-bottom: 0px !important;}\u00bb] Modelo: CFM &#8211; Paneles revestidos en ambos lados con chapa galvanizada 0,43mm pintura Ep\u00f3xi-p\u00f3 color blanca. &#8211; Apoyo elevado met\u00e1lico en chapa galvanizada pintada, fijado al panel de piso para evitar la acumulaci\u00f3n de suciedad y la humedad. &#8211; Paneles isot\u00e9rmicos modulares con encastre macho-hembra para fijar. &#8211; F\u00e1cil armado y [&hellip;]<\/p>\n","protected":false},"featured_media":2431,"template":"","meta":[],"product_brand":[],"product_cat":[63,62,74,76],"product_tag":[],"class_list":{"0":"post-2430","1":"product","2":"type-product","3":"status-publish","4":"has-post-thumbnail","6":"product_cat-camaras-de-frio","7":"product_cat-carnicerias","8":"product_cat-congelados","9":"product_cat-utilitarios","11":"first","12":"instock","13":"shipping-taxable","14":"product-type-simple"},"yoast_head":"<!-- This site is optimized with the Yoast SEO plugin v24.9 - https:\/\/yoast.com\/wordpress\/plugins\/seo\/ -->\n<title>C\u00e1mara de Fr\u00edo Modular - Staar - Equipamiento Comercial e Industrial<\/title>\n<meta name=\"robots\" content=\"index, follow, max-snippet:-1, max-image-preview:large, max-video-preview:-1\" \/>\n<link rel=\"canonical\" href=\"https:\/\/staar.com.uy\/web\/producto\/camara-de-frio-modular\/\" \/>\n<meta property=\"og:locale\" content=\"es_ES\" \/>\n<meta property=\"og:type\" content=\"article\" \/>\n<meta property=\"og:title\" content=\"C\u00e1mara de Fr\u00edo Modular - Staar - Equipamiento Comercial e Industrial\" \/>\n<meta property=\"og:description\" content=\"[vc_row][vc_column][vc_column_text css=\u00bb.vc_custom_1585754119524{margin-bottom: 0px !important;}\u00bb] Modelo: CFM &#8211; Paneles revestidos en ambos lados con chapa galvanizada 0,43mm pintura Ep\u00f3xi-p\u00f3 color blanca. &#8211; Apoyo elevado met\u00e1lico en chapa galvanizada pintada, fijado al panel de piso para evitar la acumulaci\u00f3n de suciedad y la humedad. &#8211; Paneles isot\u00e9rmicos modulares con encastre macho-hembra para fijar. &#8211; F\u00e1cil armado y [&hellip;]\" \/>\n<meta property=\"og:url\" content=\"https:\/\/staar.com.uy\/web\/producto\/camara-de-frio-modular\/\" \/>\n<meta property=\"og:site_name\" content=\"Staar - Equipamiento Comercial e Industrial\" \/>\n<meta property=\"article:publisher\" content=\"https:\/\/www.facebook.com\/people\/Staar-Group\/100093661247038\/\" \/>\n<meta property=\"article:modified_time\" content=\"2020-05-04T20:25:47+00:00\" \/>\n<meta property=\"og:image\" content=\"https:\/\/staar.com.uy\/web\/wp-content\/uploads\/2019\/12\/camarafriamodular2.jpg\" \/>\n\t<meta property=\"og:image:width\" content=\"548\" \/>\n\t<meta property=\"og:image:height\" content=\"500\" \/>\n\t<meta property=\"og:image:type\" content=\"image\/jpeg\" \/>\n<meta name=\"twitter:label1\" content=\"Tiempo de lectura\" \/>\n\t<meta name=\"twitter:data1\" content=\"1 minuto\" \/>\n<script type=\"application\/ld+json\" class=\"yoast-schema-graph\">{\"@context\":\"https:\/\/schema.org\",\"@graph\":[{\"@type\":\"WebPage\",\"@id\":\"https:\/\/staar.com.uy\/web\/producto\/camara-de-frio-modular\/\",\"url\":\"https:\/\/staar.com.uy\/web\/producto\/camara-de-frio-modular\/\",\"name\":\"C\u00e1mara de Fr\u00edo Modular - Staar - Equipamiento Comercial e Industrial\",\"isPartOf\":{\"@id\":\"https:\/\/staar.com.uy\/web\/#website\"},\"primaryImageOfPage\":{\"@id\":\"https:\/\/staar.com.uy\/web\/producto\/camara-de-frio-modular\/#primaryimage\"},\"image\":{\"@id\":\"https:\/\/staar.com.uy\/web\/producto\/camara-de-frio-modular\/#primaryimage\"},\"thumbnailUrl\":\"https:\/\/staar.com.uy\/web\/wp-content\/uploads\/2019\/12\/camarafriamodular2.jpg\",\"datePublished\":\"2019-12-09T21:33:50+00:00\",\"dateModified\":\"2020-05-04T20:25:47+00:00\",\"breadcrumb\":{\"@id\":\"https:\/\/staar.com.uy\/web\/producto\/camara-de-frio-modular\/#breadcrumb\"},\"inLanguage\":\"es\",\"potentialAction\":[{\"@type\":\"ReadAction\",\"target\":[\"https:\/\/staar.com.uy\/web\/producto\/camara-de-frio-modular\/\"]}]},{\"@type\":\"ImageObject\",\"inLanguage\":\"es\",\"@id\":\"https:\/\/staar.com.uy\/web\/producto\/camara-de-frio-modular\/#primaryimage\",\"url\":\"https:\/\/staar.com.uy\/web\/wp-content\/uploads\/2019\/12\/camarafriamodular2.jpg\",\"contentUrl\":\"https:\/\/staar.com.uy\/web\/wp-content\/uploads\/2019\/12\/camarafriamodular2.jpg\",\"width\":548,\"height\":500},{\"@type\":\"BreadcrumbList\",\"@id\":\"https:\/\/staar.com.uy\/web\/producto\/camara-de-frio-modular\/#breadcrumb\",\"itemListElement\":[{\"@type\":\"ListItem\",\"position\":1,\"name\":\"Tienda\",\"item\":\"https:\/\/staar.com.uy\/web\/tienda\/\"},{\"@type\":\"ListItem\",\"position\":2,\"name\":\"C\u00e1mara de Fr\u00edo Modular\"}]},{\"@type\":\"WebSite\",\"@id\":\"https:\/\/staar.com.uy\/web\/#website\",\"url\":\"https:\/\/staar.com.uy\/web\/\",\"name\":\"Staar - Equipamiento Comercial e Industrial\",\"description\":\"Equipamiento Comercial e Industrial\",\"publisher\":{\"@id\":\"https:\/\/staar.com.uy\/web\/#organization\"},\"potentialAction\":[{\"@type\":\"SearchAction\",\"target\":{\"@type\":\"EntryPoint\",\"urlTemplate\":\"https:\/\/staar.com.uy\/web\/?s={search_term_string}\"},\"query-input\":{\"@type\":\"PropertyValueSpecification\",\"valueRequired\":true,\"valueName\":\"search_term_string\"}}],\"inLanguage\":\"es\"},{\"@type\":\"Organization\",\"@id\":\"https:\/\/staar.com.uy\/web\/#organization\",\"name\":\"Staar - Equipamiento Comercial e Industrial\",\"url\":\"https:\/\/staar.com.uy\/web\/\",\"logo\":{\"@type\":\"ImageObject\",\"inLanguage\":\"es\",\"@id\":\"https:\/\/staar.com.uy\/web\/#\/schema\/logo\/image\/\",\"url\":\"https:\/\/staar.com.uy\/web\/wp-content\/uploads\/2019\/12\/cropped-logo-fb.png\",\"contentUrl\":\"https:\/\/staar.com.uy\/web\/wp-content\/uploads\/2019\/12\/cropped-logo-fb.png\",\"width\":512,\"height\":512,\"caption\":\"Staar - Equipamiento Comercial e Industrial\"},\"image\":{\"@id\":\"https:\/\/staar.com.uy\/web\/#\/schema\/logo\/image\/\"},\"sameAs\":[\"https:\/\/www.facebook.com\/people\/Staar-Group\/100093661247038\/\",\"https:\/\/www.instagram.com\/staarequipamientos\/\"]}]}<\/script>\n<!-- \/ Yoast SEO plugin. -->","yoast_head_json":{"title":"C\u00e1mara de Fr\u00edo Modular - Staar - Equipamiento Comercial e Industrial","robots":{"index":"index","follow":"follow","max-snippet":"max-snippet:-1","max-image-preview":"max-image-preview:large","max-video-preview":"max-video-preview:-1"},"canonical":"https:\/\/staar.com.uy\/web\/producto\/camara-de-frio-modular\/","og_locale":"es_ES","og_type":"article","og_title":"C\u00e1mara de Fr\u00edo Modular - Staar - Equipamiento Comercial e Industrial","og_description":"[vc_row][vc_column][vc_column_text css=\u00bb.vc_custom_1585754119524{margin-bottom: 0px !important;}\u00bb] Modelo: CFM &#8211; Paneles revestidos en ambos lados con chapa galvanizada 0,43mm pintura Ep\u00f3xi-p\u00f3 color blanca. &#8211; Apoyo elevado met\u00e1lico en chapa galvanizada pintada, fijado al panel de piso para evitar la acumulaci\u00f3n de suciedad y la humedad. &#8211; Paneles isot\u00e9rmicos modulares con encastre macho-hembra para fijar. &#8211; F\u00e1cil armado y [&hellip;]","og_url":"https:\/\/staar.com.uy\/web\/producto\/camara-de-frio-modular\/","og_site_name":"Staar - Equipamiento Comercial e Industrial","article_publisher":"https:\/\/www.facebook.com\/people\/Staar-Group\/100093661247038\/","article_modified_time":"2020-05-04T20:25:47+00:00","og_image":[{"width":548,"height":500,"url":"https:\/\/staar.com.uy\/web\/wp-content\/uploads\/2019\/12\/camarafriamodular2.jpg","type":"image\/jpeg"}],"twitter_misc":{"Tiempo de lectura":"1 minuto"},"schema":{"@context":"https:\/\/schema.org","@graph":[{"@type":"WebPage","@id":"https:\/\/staar.com.uy\/web\/producto\/camara-de-frio-modular\/","url":"https:\/\/staar.com.uy\/web\/producto\/camara-de-frio-modular\/","name":"C\u00e1mara de Fr\u00edo Modular - Staar - Equipamiento Comercial e Industrial","isPartOf":{"@id":"https:\/\/staar.com.uy\/web\/#website"},"primaryImageOfPage":{"@id":"https:\/\/staar.com.uy\/web\/producto\/camara-de-frio-modular\/#primaryimage"},"image":{"@id":"https:\/\/staar.com.uy\/web\/producto\/camara-de-frio-modular\/#primaryimage"},"thumbnailUrl":"https:\/\/staar.com.uy\/web\/wp-content\/uploads\/2019\/12\/camarafriamodular2.jpg","datePublished":"2019-12-09T21:33:50+00:00","dateModified":"2020-05-04T20:25:47+00:00","breadcrumb":{"@id":"https:\/\/staar.com.uy\/web\/producto\/camara-de-frio-modular\/#breadcrumb"},"inLanguage":"es","potentialAction":[{"@type":"ReadAction","target":["https:\/\/staar.com.uy\/web\/producto\/camara-de-frio-modular\/"]}]},{"@type":"ImageObject","inLanguage":"es","@id":"https:\/\/staar.com.uy\/web\/producto\/camara-de-frio-modular\/#primaryimage","url":"https:\/\/staar.com.uy\/web\/wp-content\/uploads\/2019\/12\/camarafriamodular2.jpg","contentUrl":"https:\/\/staar.com.uy\/web\/wp-content\/uploads\/2019\/12\/camarafriamodular2.jpg","width":548,"height":500},{"@type":"BreadcrumbList","@id":"https:\/\/staar.com.uy\/web\/producto\/camara-de-frio-modular\/#breadcrumb","itemListElement":[{"@type":"ListItem","position":1,"name":"Tienda","item":"https:\/\/staar.com.uy\/web\/tienda\/"},{"@type":"ListItem","position":2,"name":"C\u00e1mara de Fr\u00edo Modular"}]},{"@type":"WebSite","@id":"https:\/\/staar.com.uy\/web\/#website","url":"https:\/\/staar.com.uy\/web\/","name":"Staar - Equipamiento Comercial e Industrial","description":"Equipamiento Comercial e Industrial","publisher":{"@id":"https:\/\/staar.com.uy\/web\/#organization"},"potentialAction":[{"@type":"SearchAction","target":{"@type":"EntryPoint","urlTemplate":"https:\/\/staar.com.uy\/web\/?s={search_term_string}"},"query-input":{"@type":"PropertyValueSpecification","valueRequired":true,"valueName":"search_term_string"}}],"inLanguage":"es"},{"@type":"Organization","@id":"https:\/\/staar.com.uy\/web\/#organization","name":"Staar - Equipamiento Comercial e Industrial","url":"https:\/\/staar.com.uy\/web\/","logo":{"@type":"ImageObject","inLanguage":"es","@id":"https:\/\/staar.com.uy\/web\/#\/schema\/logo\/image\/","url":"https:\/\/staar.com.uy\/web\/wp-content\/uploads\/2019\/12\/cropped-logo-fb.png","contentUrl":"https:\/\/staar.com.uy\/web\/wp-content\/uploads\/2019\/12\/cropped-logo-fb.png","width":512,"height":512,"caption":"Staar - Equipamiento Comercial e Industrial"},"image":{"@id":"https:\/\/staar.com.uy\/web\/#\/schema\/logo\/image\/"},"sameAs":["https:\/\/www.facebook.com\/people\/Staar-Group\/100093661247038\/","https:\/\/www.instagram.com\/staarequipamientos\/"]}]}},"_links":{"self":[{"href":"https:\/\/staar.com.uy\/web\/wp-json\/wp\/v2\/product\/2430","targetHints":{"allow":["GET"]}}],"collection":[{"href":"https:\/\/staar.com.uy\/web\/wp-json\/wp\/v2\/product"}],"about":[{"href":"https:\/\/staar.com.uy\/web\/wp-json\/wp\/v2\/types\/product"}],"wp:featuredmedia":[{"embeddable":true,"href":"https:\/\/staar.com.uy\/web\/wp-json\/wp\/v2\/media\/2431"}],"wp:attachment":[{"href":"https:\/\/staar.com.uy\/web\/wp-json\/wp\/v2\/media?parent=2430"}],"wp:term":[{"taxonomy":"product_brand","embeddable":true,"href":"https:\/\/staar.com.uy\/web\/wp-json\/wp\/v2\/product_brand?post=2430"},{"taxonomy":"product_cat","embeddable":true,"href":"https:\/\/staar.com.uy\/web\/wp-json\/wp\/v2\/product_cat?post=2430"},{"taxonomy":"product_tag","embeddable":true,"href":"https:\/\/staar.com.uy\/web\/wp-json\/wp\/v2\/product_tag?post=2430"}],"curies":[{"name":"wp","href":"https:\/\/api.w.org\/{rel}","templated":true}]}}