{"id":2651,"date":"2019-12-09T18:45:48","date_gmt":"2019-12-09T21:45:48","guid":{"rendered":"http:\/\/staar.com.uy\/web\/producto\/mesas-de-buffet-brlq\/"},"modified":"2020-05-04T16:38:20","modified_gmt":"2020-05-04T19:38:20","slug":"mesas-de-buffet-brlq","status":"publish","type":"product","link":"https:\/\/staar.com.uy\/web\/producto\/mesas-de-buffet-brlq\/","title":{"rendered":"Mesas de buffet (BRLQ)"},"content":{"rendered":"<div class=\"wpb-content-wrapper\">[vc_row][vc_column][vc_column_text]Opciones:<\/p>\n<p>&#8211; BRLQ 8 Balc\u00e3o Restaurante Lateral Quente 8 Cubas<br \/>\n&#8211; BRLQ 12 Balc\u00e3o Restaurante Lateral Quente 12 Cubas<br \/>\n&#8211; BRLQ 168 Balc\u00e3o Restaurante Lateral Quente 16 Cubas[\/vc_column_text][\/vc_column][\/vc_row]\n<\/div>","protected":false},"excerpt":{"rendered":"<p>[vc_row][vc_column][vc_column_text]Opciones: &#8211; BRLQ 8 Balc\u00e3o Restaurante Lateral Quente 8 Cubas &#8211; BRLQ 12 Balc\u00e3o Restaurante Lateral Quente 12 Cubas &#8211; BRLQ 168 Balc\u00e3o Restaurante Lateral Quente 16 Cubas[\/vc_column_text][\/vc_column][\/vc_row]<\/p>\n","protected":false},"featured_media":2652,"template":"","meta":[],"product_brand":[],"product_cat":[67,76],"product_tag":[],"class_list":{"0":"post-2651","1":"product","2":"type-product","3":"status-publish","4":"has-post-thumbnail","6":"product_cat-restaurantes-y-hoteles","7":"product_cat-utilitarios","9":"first","10":"instock","11":"shipping-taxable","12":"product-type-simple"},"yoast_head":"<!-- This site is optimized with the Yoast SEO plugin v24.9 - https:\/\/yoast.com\/wordpress\/plugins\/seo\/ -->\n<title>Mesas de buffet (BRLQ) - Staar - Equipamiento Comercial e Industrial<\/title>\n<meta name=\"robots\" content=\"index, follow, max-snippet:-1, max-image-preview:large, max-video-preview:-1\" \/>\n<link rel=\"canonical\" href=\"https:\/\/staar.com.uy\/web\/producto\/mesas-de-buffet-brlq\/\" \/>\n<meta property=\"og:locale\" content=\"es_ES\" \/>\n<meta property=\"og:type\" content=\"article\" \/>\n<meta property=\"og:title\" content=\"Mesas de buffet (BRLQ) - Staar - Equipamiento Comercial e Industrial\" \/>\n<meta property=\"og:description\" content=\"[vc_row][vc_column][vc_column_text]Opciones: &#8211; BRLQ 8 Balc\u00e3o Restaurante Lateral Quente 8 Cubas &#8211; BRLQ 12 Balc\u00e3o Restaurante Lateral Quente 12 Cubas &#8211; BRLQ 168 Balc\u00e3o Restaurante Lateral Quente 16 Cubas[\/vc_column_text][\/vc_column][\/vc_row]\" \/>\n<meta property=\"og:url\" content=\"https:\/\/staar.com.uy\/web\/producto\/mesas-de-buffet-brlq\/\" \/>\n<meta property=\"og:site_name\" content=\"Staar - Equipamiento Comercial e Industrial\" \/>\n<meta property=\"article:publisher\" content=\"https:\/\/www.facebook.com\/people\/Staar-Group\/100093661247038\/\" \/>\n<meta property=\"article:modified_time\" content=\"2020-05-04T19:38:20+00:00\" \/>\n<meta property=\"og:image\" content=\"https:\/\/staar.com.uy\/web\/wp-content\/uploads\/2019\/12\/untitled-311.jpg\" \/>\n\t<meta property=\"og:image:width\" content=\"600\" \/>\n\t<meta property=\"og:image:height\" content=\"600\" \/>\n\t<meta property=\"og:image:type\" content=\"image\/jpeg\" \/>\n<script type=\"application\/ld+json\" class=\"yoast-schema-graph\">{\"@context\":\"https:\/\/schema.org\",\"@graph\":[{\"@type\":\"WebPage\",\"@id\":\"https:\/\/staar.com.uy\/web\/producto\/mesas-de-buffet-brlq\/\",\"url\":\"https:\/\/staar.com.uy\/web\/producto\/mesas-de-buffet-brlq\/\",\"name\":\"Mesas de buffet (BRLQ) - Staar - Equipamiento Comercial e Industrial\",\"isPartOf\":{\"@id\":\"https:\/\/staar.com.uy\/web\/#website\"},\"primaryImageOfPage\":{\"@id\":\"https:\/\/staar.com.uy\/web\/producto\/mesas-de-buffet-brlq\/#primaryimage\"},\"image\":{\"@id\":\"https:\/\/staar.com.uy\/web\/producto\/mesas-de-buffet-brlq\/#primaryimage\"},\"thumbnailUrl\":\"https:\/\/staar.com.uy\/web\/wp-content\/uploads\/2019\/12\/untitled-311.jpg\",\"datePublished\":\"2019-12-09T21:45:48+00:00\",\"dateModified\":\"2020-05-04T19:38:20+00:00\",\"breadcrumb\":{\"@id\":\"https:\/\/staar.com.uy\/web\/producto\/mesas-de-buffet-brlq\/#breadcrumb\"},\"inLanguage\":\"es\",\"potentialAction\":[{\"@type\":\"ReadAction\",\"target\":[\"https:\/\/staar.com.uy\/web\/producto\/mesas-de-buffet-brlq\/\"]}]},{\"@type\":\"ImageObject\",\"inLanguage\":\"es\",\"@id\":\"https:\/\/staar.com.uy\/web\/producto\/mesas-de-buffet-brlq\/#primaryimage\",\"url\":\"https:\/\/staar.com.uy\/web\/wp-content\/uploads\/2019\/12\/untitled-311.jpg\",\"contentUrl\":\"https:\/\/staar.com.uy\/web\/wp-content\/uploads\/2019\/12\/untitled-311.jpg\",\"width\":600,\"height\":600},{\"@type\":\"BreadcrumbList\",\"@id\":\"https:\/\/staar.com.uy\/web\/producto\/mesas-de-buffet-brlq\/#breadcrumb\",\"itemListElement\":[{\"@type\":\"ListItem\",\"position\":1,\"name\":\"Tienda\",\"item\":\"https:\/\/staar.com.uy\/web\/tienda\/\"},{\"@type\":\"ListItem\",\"position\":2,\"name\":\"Mesas de buffet (BRLQ)\"}]},{\"@type\":\"WebSite\",\"@id\":\"https:\/\/staar.com.uy\/web\/#website\",\"url\":\"https:\/\/staar.com.uy\/web\/\",\"name\":\"Staar - Equipamiento Comercial e Industrial\",\"description\":\"Equipamiento Comercial e Industrial\",\"publisher\":{\"@id\":\"https:\/\/staar.com.uy\/web\/#organization\"},\"potentialAction\":[{\"@type\":\"SearchAction\",\"target\":{\"@type\":\"EntryPoint\",\"urlTemplate\":\"https:\/\/staar.com.uy\/web\/?s={search_term_string}\"},\"query-input\":{\"@type\":\"PropertyValueSpecification\",\"valueRequired\":true,\"valueName\":\"search_term_string\"}}],\"inLanguage\":\"es\"},{\"@type\":\"Organization\",\"@id\":\"https:\/\/staar.com.uy\/web\/#organization\",\"name\":\"Staar - Equipamiento Comercial e Industrial\",\"url\":\"https:\/\/staar.com.uy\/web\/\",\"logo\":{\"@type\":\"ImageObject\",\"inLanguage\":\"es\",\"@id\":\"https:\/\/staar.com.uy\/web\/#\/schema\/logo\/image\/\",\"url\":\"https:\/\/staar.com.uy\/web\/wp-content\/uploads\/2019\/12\/cropped-logo-fb.png\",\"contentUrl\":\"https:\/\/staar.com.uy\/web\/wp-content\/uploads\/2019\/12\/cropped-logo-fb.png\",\"width\":512,\"height\":512,\"caption\":\"Staar - Equipamiento Comercial e Industrial\"},\"image\":{\"@id\":\"https:\/\/staar.com.uy\/web\/#\/schema\/logo\/image\/\"},\"sameAs\":[\"https:\/\/www.facebook.com\/people\/Staar-Group\/100093661247038\/\",\"https:\/\/www.instagram.com\/staarequipamientos\/\"]}]}<\/script>\n<!-- \/ Yoast SEO plugin. -->","yoast_head_json":{"title":"Mesas de buffet (BRLQ) - Staar - Equipamiento Comercial e Industrial","robots":{"index":"index","follow":"follow","max-snippet":"max-snippet:-1","max-image-preview":"max-image-preview:large","max-video-preview":"max-video-preview:-1"},"canonical":"https:\/\/staar.com.uy\/web\/producto\/mesas-de-buffet-brlq\/","og_locale":"es_ES","og_type":"article","og_title":"Mesas de buffet (BRLQ) - Staar - Equipamiento Comercial e Industrial","og_description":"[vc_row][vc_column][vc_column_text]Opciones: &#8211; BRLQ 8 Balc\u00e3o Restaurante Lateral Quente 8 Cubas &#8211; BRLQ 12 Balc\u00e3o Restaurante Lateral Quente 12 Cubas &#8211; BRLQ 168 Balc\u00e3o Restaurante Lateral Quente 16 Cubas[\/vc_column_text][\/vc_column][\/vc_row]","og_url":"https:\/\/staar.com.uy\/web\/producto\/mesas-de-buffet-brlq\/","og_site_name":"Staar - Equipamiento Comercial e Industrial","article_publisher":"https:\/\/www.facebook.com\/people\/Staar-Group\/100093661247038\/","article_modified_time":"2020-05-04T19:38:20+00:00","og_image":[{"width":600,"height":600,"url":"https:\/\/staar.com.uy\/web\/wp-content\/uploads\/2019\/12\/untitled-311.jpg","type":"image\/jpeg"}],"schema":{"@context":"https:\/\/schema.org","@graph":[{"@type":"WebPage","@id":"https:\/\/staar.com.uy\/web\/producto\/mesas-de-buffet-brlq\/","url":"https:\/\/staar.com.uy\/web\/producto\/mesas-de-buffet-brlq\/","name":"Mesas de buffet (BRLQ) - Staar - Equipamiento Comercial e Industrial","isPartOf":{"@id":"https:\/\/staar.com.uy\/web\/#website"},"primaryImageOfPage":{"@id":"https:\/\/staar.com.uy\/web\/producto\/mesas-de-buffet-brlq\/#primaryimage"},"image":{"@id":"https:\/\/staar.com.uy\/web\/producto\/mesas-de-buffet-brlq\/#primaryimage"},"thumbnailUrl":"https:\/\/staar.com.uy\/web\/wp-content\/uploads\/2019\/12\/untitled-311.jpg","datePublished":"2019-12-09T21:45:48+00:00","dateModified":"2020-05-04T19:38:20+00:00","breadcrumb":{"@id":"https:\/\/staar.com.uy\/web\/producto\/mesas-de-buffet-brlq\/#breadcrumb"},"inLanguage":"es","potentialAction":[{"@type":"ReadAction","target":["https:\/\/staar.com.uy\/web\/producto\/mesas-de-buffet-brlq\/"]}]},{"@type":"ImageObject","inLanguage":"es","@id":"https:\/\/staar.com.uy\/web\/producto\/mesas-de-buffet-brlq\/#primaryimage","url":"https:\/\/staar.com.uy\/web\/wp-content\/uploads\/2019\/12\/untitled-311.jpg","contentUrl":"https:\/\/staar.com.uy\/web\/wp-content\/uploads\/2019\/12\/untitled-311.jpg","width":600,"height":600},{"@type":"BreadcrumbList","@id":"https:\/\/staar.com.uy\/web\/producto\/mesas-de-buffet-brlq\/#breadcrumb","itemListElement":[{"@type":"ListItem","position":1,"name":"Tienda","item":"https:\/\/staar.com.uy\/web\/tienda\/"},{"@type":"ListItem","position":2,"name":"Mesas de buffet (BRLQ)"}]},{"@type":"WebSite","@id":"https:\/\/staar.com.uy\/web\/#website","url":"https:\/\/staar.com.uy\/web\/","name":"Staar - Equipamiento Comercial e Industrial","description":"Equipamiento Comercial e Industrial","publisher":{"@id":"https:\/\/staar.com.uy\/web\/#organization"},"potentialAction":[{"@type":"SearchAction","target":{"@type":"EntryPoint","urlTemplate":"https:\/\/staar.com.uy\/web\/?s={search_term_string}"},"query-input":{"@type":"PropertyValueSpecification","valueRequired":true,"valueName":"search_term_string"}}],"inLanguage":"es"},{"@type":"Organization","@id":"https:\/\/staar.com.uy\/web\/#organization","name":"Staar - Equipamiento Comercial e Industrial","url":"https:\/\/staar.com.uy\/web\/","logo":{"@type":"ImageObject","inLanguage":"es","@id":"https:\/\/staar.com.uy\/web\/#\/schema\/logo\/image\/","url":"https:\/\/staar.com.uy\/web\/wp-content\/uploads\/2019\/12\/cropped-logo-fb.png","contentUrl":"https:\/\/staar.com.uy\/web\/wp-content\/uploads\/2019\/12\/cropped-logo-fb.png","width":512,"height":512,"caption":"Staar - Equipamiento Comercial e Industrial"},"image":{"@id":"https:\/\/staar.com.uy\/web\/#\/schema\/logo\/image\/"},"sameAs":["https:\/\/www.facebook.com\/people\/Staar-Group\/100093661247038\/","https:\/\/www.instagram.com\/staarequipamientos\/"]}]}},"_links":{"self":[{"href":"https:\/\/staar.com.uy\/web\/wp-json\/wp\/v2\/product\/2651","targetHints":{"allow":["GET"]}}],"collection":[{"href":"https:\/\/staar.com.uy\/web\/wp-json\/wp\/v2\/product"}],"about":[{"href":"https:\/\/staar.com.uy\/web\/wp-json\/wp\/v2\/types\/product"}],"wp:featuredmedia":[{"embeddable":true,"href":"https:\/\/staar.com.uy\/web\/wp-json\/wp\/v2\/media\/2652"}],"wp:attachment":[{"href":"https:\/\/staar.com.uy\/web\/wp-json\/wp\/v2\/media?parent=2651"}],"wp:term":[{"taxonomy":"product_brand","embeddable":true,"href":"https:\/\/staar.com.uy\/web\/wp-json\/wp\/v2\/product_brand?post=2651"},{"taxonomy":"product_cat","embeddable":true,"href":"https:\/\/staar.com.uy\/web\/wp-json\/wp\/v2\/product_cat?post=2651"},{"taxonomy":"product_tag","embeddable":true,"href":"https:\/\/staar.com.uy\/web\/wp-json\/wp\/v2\/product_tag?post=2651"}],"curies":[{"name":"wp","href":"https:\/\/api.w.org\/{rel}","templated":true}]}}